{"id":495,"date":"2025-05-19T06:41:02","date_gmt":"2025-05-19T04:41:02","guid":{"rendered":"https:\/\/www.wewatches.com\/?page_id=495"},"modified":"2026-01-20T03:10:32","modified_gmt":"2026-01-20T02:10:32","slug":"informativa-sulla-privacy","status":"publish","type":"page","link":"https:\/\/www.wewatches.com\/it\/page\/informativa-sulla-privacy\/","title":{"rendered":"Privacy Policy"},"content":{"rendered":"<div data-elementor-type=\"wp-page\" data-elementor-id=\"495\" class=\"elementor elementor-495\" data-elementor-post-type=\"page\">\n\t\t\t\t<div class=\"elementor-element elementor-element-3044077 e-flex e-con-boxed e-con e-parent\" data-id=\"3044077\" data-element_type=\"container\" data-e-type=\"container\" data-settings=\"{&quot;background_background&quot;:&quot;gradient&quot;}\">\n\t\t\t\t\t<div class=\"e-con-inner\">\n\t\t<div class=\"elementor-element elementor-element-20390f3 e-con-full e-flex e-con e-child\" data-id=\"20390f3\" data-element_type=\"container\" data-e-type=\"container\" data-settings=\"{&quot;background_background&quot;:&quot;classic&quot;}\">\n\t\t\t\t<div class=\"elementor-element elementor-element-87187db elementor-widget elementor-widget-heading\" data-id=\"87187db\" data-element_type=\"widget\" data-e-type=\"widget\" data-widget_type=\"heading.default\">\n\t\t\t\t\t<div class=\"elementor-heading-title elementor-size-default\">INFORMAZIONI<\/div>\t\t\t\t<\/div>\n\t\t\t\t<div class=\"elementor-element elementor-element-9e1d935 elementor-widget elementor-widget-heading\" data-id=\"9e1d935\" data-element_type=\"widget\" data-e-type=\"widget\" data-widget_type=\"heading.default\">\n\t\t\t\t\t<h1 class=\"elementor-heading-title elementor-size-default\">Politica di protezione <span>dati personali<\/span><\/h1>\t\t\t\t<\/div>\n\t\t\t\t<div class=\"elementor-element elementor-element-c6be168 elementor-widget elementor-widget-text-editor\" data-id=\"c6be168\" data-element_type=\"widget\" data-e-type=\"widget\" data-widget_type=\"text-editor.default\">\n\t\t\t\t\t\t\t\t\t<p>Lo scopo della presente informativa sulla privacy \u00e8 quello di informare l'utente sui suoi diritti in materia di dati personali, sulle modalit\u00e0 di raccolta e utilizzo dei dati e dei cookie che potrebbero identificare l'utente e sulle modalit\u00e0 di utilizzo degli stessi.<\/p><p>Il responsabile del trattamento dei dati \u00e8 WEWATCHES, con sede in 14 rue Beffroy, 92200 - Neuilly-sur-Seine, Francia, iscritta al Registro del Commercio e delle Imprese di Nanterre con il numero 909 677 503.<\/p><p>Potete contattarci in qualsiasi momento se avete domande sul trattamento dei vostri dati personali su info@wewatches.com.<\/p><h3>1. I vostri diritti in materia di dati personali<\/h3><p><strong>OROLOGI<\/strong> ribadisce il proprio impegno a rispettare scrupolosamente la legge francese sulla protezione dei dati personali n. 78-17 del 6 gennaio 1978, e successive modifiche, e le norme sulla protezione dei dati personali, di seguito denominate \"norme sulla protezione dei dati personali\".<\/p><p><strong>L'utente dispone di una serie di diritti che pu\u00f2 esercitare in qualsiasi momento:<\/strong><\/p><ul><li>Diritto di cancellare o modificare i propri dati personali.<\/li><li>Il diritto di chiedere una copia di questi dati.<\/li><li>Il diritto di opporsi al trattamento dei vostri dati personali, in particolare se non vengono utilizzati per scopi contrattuali o legali - ad esempio, nel contesto del marketing per migliorare la qualit\u00e0 dei nostri servizi.<\/li><li>Diritto di richiedere la limitazione di qualsiasi trattamento dei dati personali.<\/li><li>Il diritto alla portabilit\u00e0 dei dati.<\/li><\/ul><p>Se desiderate modificare le vostre informazioni, potete esercitare questo diritto direttamente sul vostro Account.<\/p><p>Per quanto riguarda tutti i vostri diritti, potete chiederci direttamente di modificare, cancellare, opporvi al trattamento o alla copia dei vostri dati inviando un'e-mail a info@wewatches.com.<\/p><p>Poich\u00e9 questi dati sono per definizione protetti, potremmo chiedervi una prova della vostra identit\u00e0.<\/p><p>Per quanto riguarda l'uso dei cookie, \u00e8 possibile disattivarli, bloccarli o eliminarli tramite la sezione \"Aiuto\" del browser Internet per configurare queste funzioni.<\/p><p>Sar\u00e0 possibile configurare il consenso alla raccolta e al trattamento dei propri dati da parte dei cookie presenti sul Sito nell'apposito banner con le seguenti scelte: accetta tutto \/ rifiuta tutto \/ configura.<\/p><p>Se si viene a conoscenza di una violazione legale del trattamento dei propri dati personali o di una violazione dei propri diritti, si prega di contattare WEWATCHES all'indirizzo e-mail info@wewatches.com.<\/p><p>Se i vostri diritti sono stati violati, potete contattare la CNIL.<\/p><p>Raccolta ed elaborazione dei vostri dati personali<\/p><h3>2. Informazioni raccolte da WEWATCHES<\/h3><p>Per fornirvi il miglior servizio possibile, WEWATCHES utilizza due tipi di dati:<\/p><ul><li>quelli che raccogliamo automaticamente (cookie),<\/li><li>quelli che ci inviate compilando i campi:<\/li><\/ul><p><strong>a. Informazioni raccolte automaticamente: i cookie del Sito<\/strong><\/p><p>Un cookie \u00e8 un pezzo di dati che viene memorizzato su un computer, un tablet o un telefono cellulare quando si naviga in Internet.<\/p><p>I cookie consentono al sito web di riconoscere il vostro browser. Vengono utilizzati principalmente per ricordare le scelte e le preferenze dell'utente. Non causano alcun danno al dispositivo dell'utente. Ad esempio, consentono di visualizzare pi\u00f9 rapidamente le pagine gi\u00e0 visitate o di personalizzare i contenuti.<\/p><p>Contengono diverse informazioni: il nome del server che lo ha archiviato, un identificatore sotto forma di numero unico ed eventualmente una data di scadenza.<\/p><p><strong>Quali tipi di cookie utilizza WEWATCHES?<\/strong><\/p><ul><li><strong>Cookie tecnici :<\/strong> sono essenziali per garantire il corretto funzionamento del nostro sito.<\/li><li><strong>Cookie funzionali : <\/strong>Ci permettono di ricordare le vostre preferenze. Non sono essenziali, ma ci permettono di migliorare e adattare i nostri contenuti alle vostre aspettative.<\/li><li><strong>Cookie analitici :<\/strong> Sono utili per osservare le modalit\u00e0 di utilizzo e navigazione del sito. I dati raccolti comprendono principalmente le pagine consultate, aperte e abbandonate, il tipo di browser e i supporti utilizzati, nonch\u00e9 informazioni quali il numero di clic effettuati su una determinata pagina.<\/li><li><strong>Cookie pubblicitari : <\/strong>sono utilizzati per visualizzare annunci pubblicitari di loisirsencheres.com su altri siti. Questa operazione \u00e8 nota come \"retargeting\" e si basa sulle ricerche effettuate dall'utente sul nostro sito.<\/li><\/ul><p><strong>Quando accettate i cookie, raccogliamo :<\/strong><\/p><ul><li><strong>Informazioni sull'utilizzo :<\/strong> registriamo le vostre preferenze per offrirvi contenuti personalizzati.<\/li><li><strong>I vostri dati di accesso :<\/strong> Raccogliamo alcune informazioni inviate dal vostro browser Internet quando utilizzate la nostra piattaforma, anche se non avete creato un account o non avete effettuato il login. Queste informazioni includono, in particolare, informazioni su come avete utilizzato la piattaforma, il vostro indirizzo IP, ecc. per permetterci di offrirvi contenuti su misura.<\/li><\/ul><p><strong>\u00c8 possibile disattivare o impedire l'inserimento di questi cookie.<\/strong><\/p><p>Queste funzioni possono essere configurate :<\/p><ul><li>Tramite il browser nella sezione \"Aiuto\".<\/li><li>Tramite il banner di consenso scegliendo: accetta tutto\/rifiuta tutto\/imposta tutto.<\/li><\/ul><p>Se l'utente ha accettato i cookie, autorizza WEWATCHES a recuperare e utilizzare i suoi dati di navigazione.<\/p><p>Questi cookie saranno registrati da noi e da terzi per strumenti di misurazione o retargeting. Le informazioni contenute in questi cookie possono essere conservate per un periodo massimo di 1 anno. Potete cancellare i vostri cookie in qualsiasi momento.<\/p><p>Attenzione: se si sceglie di rifiutare alcuni cookie, non sar\u00e0 possibile utilizzare alcune funzioni del Sito. Allo stesso modo, se rifiutate alcuni cookie pubblicitari, ci\u00f2 non significa che non vedrete pi\u00f9 pubblicit\u00e0 online. Semplicemente, la presenza di annunci pubblicitari non sar\u00e0 pi\u00f9 stabilita in base alle vostre preferenze e al vostro comportamento come utenti. Pertanto, saranno meno pertinenti per l'utente.<\/p><p><strong>b. Informazioni che potrebbero essere richieste all'utente<\/strong><\/p><p>Quando utilizzate la nostra piattaforma, potrebbe esservi chiesto di inviarci :<\/p><ul><li><strong>I vostri dati di registrazione :<\/strong> Per accedere a tutte le funzionalit\u00e0 del Sito, l'Iscritto deve registrarsi sul Sito compilando accuratamente il modulo messo a sua disposizione, indicando con precisione il proprio cognome, nome, pseudonimo e data di nascita, e scegliendo poi una password di sua scelta associata a un indirizzo e-mail.<\/li><\/ul><p>L'Iscritto pu\u00f2 anche registrarsi tramite il proprio account Gmail o Facebook, autorizzando WEWATCHES ad accedere ai dati identificativi forniti su questi siti e a utilizzarli come identificativi.<\/p><ul><li><strong>I vostri dati di contatto \/ reclami :<\/strong> conserviamo un registro degli scambi che abbiamo con voi quando ci contattate all'indirizzo e-mail info@wewatches.com, nonch\u00e9 i motivi per cui ci avete contattato, che possono includere eventuali reclami relativi al nostro Sito.<\/li><li><strong>I vostri commenti :<\/strong> I membri possono commentare gli articoli pubblicati sul Sito, nel rispetto dell'articolo \"Moderazione\" delle Condizioni generali d'uso.<\/li><\/ul><h3>3. Il trattamento dei vostri dati da parte di WEWATCHES<\/h3><p>Tutte le informazioni raccolte nelle condizioni sopra descritte non vengono mai vendute a terzi, n\u00e9 sfruttate per scopi diversi dall'accesso al Sito, dal suo utilizzo o dal suo miglioramento.<\/p><p>Possono essere utilizzati in particolare per :<\/p><ul><li>Consentire l'accesso al Sito: la registrazione, in particolare attraverso la verifica dell'indirizzo e-mail, prima garanzia di sicurezza per evitare account fraudolenti che potrebbero compromettere il buon funzionamento del Sito;<\/li><li>Per consentire agli Utenti del Sito di iscriversi al servizio di Newsletter, permettendo loro di ricevere informazioni via e-mail;<\/li><li>Visualizzare la versione del sito o dell'applicazione pi\u00f9 adatta al dispositivo in uso;<\/li><li>Mantenere il rapporto dell'Utente\/Membro con il Sito tramite l'indirizzo info@wewatches.com e dare seguito a eventuali reclami dell'Utente;<\/li><li>Per effettuare sondaggi o studi sulla soddisfazione al fine di migliorare la qualit\u00e0 del nostro sito;<\/li><li>Gestire e pubblicare i commenti dell'utente sul Sito, secondo i criteri indicati nell'articolo \"Moderazione\" delle Condizioni generali d'uso;<\/li><li>Elaborare statistiche e analisi interne, sia commerciali che di marketing, al fine di migliorare le nostre procedure di prospezione, l'ergonomia del nostro Sito, la pertinenza della nostra pubblicit\u00e0 e, pi\u00f9 in generale, la qualit\u00e0 del Sito.<\/li><\/ul><p>Possiamo anche utilizzare i vostri dati personali per scopi legali, e pi\u00f9 specificamente per :<\/p><ul><li>Per prevenire e individuare eventuali frodi nell'utilizzo del Sito;<\/li><li>Applicare le nostre Condizioni generali d'uso e altre politiche;<\/li><li>Rispondere a una citazione in giudizio nel contesto di una controversia;<\/li><li>Qualsiasi altro scopo legale, come l'esecuzione di decisioni legali.<\/li><\/ul>\t\t\t\t\t\t\t\t<\/div>\n\t\t\t\t<\/div>\n\t\t\t\t\t<\/div>\n\t\t\t\t<\/div>\n\t\t\t\t<\/div>","protected":false},"excerpt":{"rendered":"<p>INFORMATIONS Politique de protection des donn\u00e9es personnelles La pr\u00e9sente politique de confidentialit\u00e9 est destin\u00e9e \u00e0 vous informer de vos droits en mati\u00e8re de donn\u00e9es personnelles, de la mani\u00e8re dont nous recueillons et utilisons les donn\u00e9es et cookies qui pourraient permettre de vous identifier, et de la mani\u00e8re dont nous les utilisons. Le responsable du traitement [&hellip;]<\/p>\n","protected":false},"author":1,"featured_media":0,"parent":412,"menu_order":0,"comment_status":"closed","ping_status":"closed","template":"elementor_header_footer","meta":{"footnotes":""},"class_list":["post-495","page","type-page","status-publish","hentry"],"yoast_head":"<!-- This site is optimized with the Yoast SEO Premium plugin v27.0 (Yoast SEO v27.3) - https:\/\/yoast.com\/product\/yoast-seo-premium-wordpress\/ -->\n<title>Politique de confidentialit\u00e9 - WeWatches blog<\/title>\n<meta name=\"description\" content=\"Consultez la Politique de confidentialit\u00e9 de WeWatches et d\u00e9couvrez comment nous prot\u00e9geons vos donn\u00e9es personnelles.\" \/>\n<meta name=\"robots\" content=\"index, follow, max-snippet:-1, max-image-preview:large, max-video-preview:-1\" \/>\n<link rel=\"canonical\" href=\"https:\/\/www.wewatches.com\/it\/page\/informativa-sulla-privacy\/\" \/>\n<meta property=\"og:locale\" content=\"it_IT\" \/>\n<meta property=\"og:type\" content=\"article\" \/>\n<meta property=\"og:title\" content=\"Politique de confidentialit\u00e9\" \/>\n<meta property=\"og:description\" content=\"Consultez la Politique de confidentialit\u00e9 de WeWatches et d\u00e9couvrez comment nous prot\u00e9geons vos donn\u00e9es personnelles.\" \/>\n<meta property=\"og:url\" content=\"https:\/\/www.wewatches.com\/it\/page\/informativa-sulla-privacy\/\" \/>\n<meta property=\"og:site_name\" content=\"WeWatches blog\" \/>\n<meta property=\"article:publisher\" content=\"https:\/\/www.facebook.com\/wewatchesofficial\/\" \/>\n<meta property=\"article:modified_time\" content=\"2026-01-20T02:10:32+00:00\" \/>\n<meta property=\"og:image\" content=\"https:\/\/www.wewatches.com\/wp-content\/uploads\/2025\/06\/wewatches-acheter-vendre-des-montres-scaled.jpg\" \/>\n\t<meta property=\"og:image:width\" content=\"2560\" \/>\n\t<meta property=\"og:image:height\" content=\"1439\" \/>\n\t<meta property=\"og:image:type\" content=\"image\/jpeg\" \/>\n<meta name=\"twitter:card\" content=\"summary_large_image\" \/>\n<meta name=\"twitter:site\" content=\"@wewatchesoff\" \/>\n<meta name=\"twitter:label1\" content=\"Tempo di lettura stimato\" \/>\n\t<meta name=\"twitter:data1\" content=\"8 minuti\" \/>\n<script type=\"application\/ld+json\" class=\"yoast-schema-graph\">{\"@context\":\"https:\\\/\\\/schema.org\",\"@graph\":[{\"@type\":\"WebPage\",\"@id\":\"https:\\\/\\\/www.wewatches.com\\\/page\\\/politique-de-confidentialite\\\/\",\"url\":\"https:\\\/\\\/www.wewatches.com\\\/page\\\/politique-de-confidentialite\\\/\",\"name\":\"Politique de confidentialit\u00e9 - WeWatches blog\",\"isPartOf\":{\"@id\":\"https:\\\/\\\/www.wewatches.com\\\/#website\"},\"datePublished\":\"2025-05-19T04:41:02+00:00\",\"dateModified\":\"2026-01-20T02:10:32+00:00\",\"description\":\"Consultez la Politique de confidentialit\u00e9 de WeWatches et d\u00e9couvrez comment nous prot\u00e9geons vos donn\u00e9es personnelles.\",\"breadcrumb\":{\"@id\":\"https:\\\/\\\/www.wewatches.com\\\/page\\\/politique-de-confidentialite\\\/#breadcrumb\"},\"inLanguage\":\"it-IT\",\"potentialAction\":[{\"@type\":\"ReadAction\",\"target\":[\"https:\\\/\\\/www.wewatches.com\\\/page\\\/politique-de-confidentialite\\\/\"]}]},{\"@type\":\"BreadcrumbList\",\"@id\":\"https:\\\/\\\/www.wewatches.com\\\/page\\\/politique-de-confidentialite\\\/#breadcrumb\",\"itemListElement\":[{\"@type\":\"ListItem\",\"position\":1,\"name\":\"Accueil\",\"item\":\"https:\\\/\\\/v2.wewatches.com\\\/\"},{\"@type\":\"ListItem\",\"position\":2,\"name\":\"page\",\"item\":\"https:\\\/\\\/v2.wewatches.com\\\/page\\\/\"},{\"@type\":\"ListItem\",\"position\":3,\"name\":\"Politique de confidentialit\u00e9\"}]},{\"@type\":\"WebSite\",\"@id\":\"https:\\\/\\\/www.wewatches.com\\\/#website\",\"url\":\"https:\\\/\\\/www.wewatches.com\\\/\",\"name\":\"WeWatches\",\"description\":\"Une Marketplace pour acheter ou vendre votre montre\",\"publisher\":{\"@id\":\"https:\\\/\\\/www.wewatches.com\\\/#organization\"},\"alternateName\":\"Trouvez votre montre\",\"potentialAction\":[{\"@type\":\"SearchAction\",\"target\":{\"@type\":\"EntryPoint\",\"urlTemplate\":\"https:\\\/\\\/www.wewatches.com\\\/?s={search_term_string}\"},\"query-input\":{\"@type\":\"PropertyValueSpecification\",\"valueRequired\":true,\"valueName\":\"search_term_string\"}}],\"inLanguage\":\"it-IT\"},{\"@type\":\"Organization\",\"@id\":\"https:\\\/\\\/www.wewatches.com\\\/#organization\",\"name\":\"WeWatches blog\",\"url\":\"https:\\\/\\\/www.wewatches.com\\\/\",\"logo\":{\"@type\":\"ImageObject\",\"inLanguage\":\"it-IT\",\"@id\":\"https:\\\/\\\/www.wewatches.com\\\/#\\\/schema\\\/logo\\\/image\\\/\",\"url\":\"https:\\\/\\\/www.wewatches.com\\\/wp-content\\\/uploads\\\/2025\\\/06\\\/cropped-cropped-logo-wewatches.jpg\",\"contentUrl\":\"https:\\\/\\\/www.wewatches.com\\\/wp-content\\\/uploads\\\/2025\\\/06\\\/cropped-cropped-logo-wewatches.jpg\",\"width\":512,\"height\":147,\"caption\":\"WeWatches blog\"},\"image\":{\"@id\":\"https:\\\/\\\/www.wewatches.com\\\/#\\\/schema\\\/logo\\\/image\\\/\"},\"sameAs\":[\"https:\\\/\\\/www.facebook.com\\\/wewatchesofficial\\\/\",\"https:\\\/\\\/x.com\\\/wewatchesoff\",\"https:\\\/\\\/www.instagram.com\\\/wewatchesofficial\\\/\",\"https:\\\/\\\/www.linkedin.com\\\/company\\\/wewatches\\\/\"],\"description\":\"Notre mission ? Vous faire d\u00e9couvrir les fonctionnalit\u00e9s, histoires, marks, cotes historiques et en temps r\u00e9el des montres les plus iconiques.\",\"legalName\":\"WeWatches\"}]}<\/script>\n<!-- \/ Yoast SEO Premium plugin. -->","yoast_head_json":{"title":"Informativa sulla privacy - WeWatches blog","description":"Leggete l'Informativa sulla privacy di WeWatches e scoprite come proteggiamo i vostri dati personali.","robots":{"index":"index","follow":"follow","max-snippet":"max-snippet:-1","max-image-preview":"max-image-preview:large","max-video-preview":"max-video-preview:-1"},"canonical":"https:\/\/www.wewatches.com\/it\/page\/informativa-sulla-privacy\/","og_locale":"it_IT","og_type":"article","og_title":"Politique de confidentialit\u00e9","og_description":"Consultez la Politique de confidentialit\u00e9 de WeWatches et d\u00e9couvrez comment nous prot\u00e9geons vos donn\u00e9es personnelles.","og_url":"https:\/\/www.wewatches.com\/it\/page\/informativa-sulla-privacy\/","og_site_name":"WeWatches blog","article_publisher":"https:\/\/www.facebook.com\/wewatchesofficial\/","article_modified_time":"2026-01-20T02:10:32+00:00","og_image":[{"width":2560,"height":1439,"url":"https:\/\/www.wewatches.com\/wp-content\/uploads\/2025\/06\/wewatches-acheter-vendre-des-montres-scaled.jpg","type":"image\/jpeg"}],"twitter_card":"summary_large_image","twitter_site":"@wewatchesoff","twitter_misc":{"Tempo di lettura stimato":"8 minuti"},"schema":{"@context":"https:\/\/schema.org","@graph":[{"@type":"WebPage","@id":"https:\/\/www.wewatches.com\/page\/politique-de-confidentialite\/","url":"https:\/\/www.wewatches.com\/page\/politique-de-confidentialite\/","name":"Informativa sulla privacy - WeWatches blog","isPartOf":{"@id":"https:\/\/www.wewatches.com\/#website"},"datePublished":"2025-05-19T04:41:02+00:00","dateModified":"2026-01-20T02:10:32+00:00","description":"Leggete l'Informativa sulla privacy di WeWatches e scoprite come proteggiamo i vostri dati personali.","breadcrumb":{"@id":"https:\/\/www.wewatches.com\/page\/politique-de-confidentialite\/#breadcrumb"},"inLanguage":"it-IT","potentialAction":[{"@type":"ReadAction","target":["https:\/\/www.wewatches.com\/page\/politique-de-confidentialite\/"]}]},{"@type":"BreadcrumbList","@id":"https:\/\/www.wewatches.com\/page\/politique-de-confidentialite\/#breadcrumb","itemListElement":[{"@type":"ListItem","position":1,"name":"Accueil","item":"https:\/\/v2.wewatches.com\/"},{"@type":"ListItem","position":2,"name":"page","item":"https:\/\/v2.wewatches.com\/page\/"},{"@type":"ListItem","position":3,"name":"Politique de confidentialit\u00e9"}]},{"@type":"WebSite","@id":"https:\/\/www.wewatches.com\/#website","url":"https:\/\/www.wewatches.com\/","name":"WeWatches","description":"Un mercato per acquistare o vendere il vostro orologio","publisher":{"@id":"https:\/\/www.wewatches.com\/#organization"},"alternateName":"Trouvez votre montre","potentialAction":[{"@type":"SearchAction","target":{"@type":"EntryPoint","urlTemplate":"https:\/\/www.wewatches.com\/?s={search_term_string}"},"query-input":{"@type":"PropertyValueSpecification","valueRequired":true,"valueName":"search_term_string"}}],"inLanguage":"it-IT"},{"@type":"Organization","@id":"https:\/\/www.wewatches.com\/#organization","name":"Blog WeWatches","url":"https:\/\/www.wewatches.com\/","logo":{"@type":"ImageObject","inLanguage":"it-IT","@id":"https:\/\/www.wewatches.com\/#\/schema\/logo\/image\/","url":"https:\/\/www.wewatches.com\/wp-content\/uploads\/2025\/06\/cropped-cropped-logo-wewatches.jpg","contentUrl":"https:\/\/www.wewatches.com\/wp-content\/uploads\/2025\/06\/cropped-cropped-logo-wewatches.jpg","width":512,"height":147,"caption":"WeWatches blog"},"image":{"@id":"https:\/\/www.wewatches.com\/#\/schema\/logo\/image\/"},"sameAs":["https:\/\/www.facebook.com\/wewatchesofficial\/","https:\/\/x.com\/wewatchesoff","https:\/\/www.instagram.com\/wewatchesofficial\/","https:\/\/www.linkedin.com\/company\/wewatches\/"],"description":"La nostra missione? Aiutarvi a scoprire le caratteristiche, le storie, i marchi, le valutazioni storiche e in tempo reale degli orologi pi\u00f9 iconici.","legalName":"WeWatches"}]}},"_links":{"self":[{"href":"https:\/\/www.wewatches.com\/it\/wp-json\/wp\/v2\/pages\/495","targetHints":{"allow":["GET"]}}],"collection":[{"href":"https:\/\/www.wewatches.com\/it\/wp-json\/wp\/v2\/pages"}],"about":[{"href":"https:\/\/www.wewatches.com\/it\/wp-json\/wp\/v2\/types\/page"}],"author":[{"embeddable":true,"href":"https:\/\/www.wewatches.com\/it\/wp-json\/wp\/v2\/users\/1"}],"replies":[{"embeddable":true,"href":"https:\/\/www.wewatches.com\/it\/wp-json\/wp\/v2\/comments?post=495"}],"version-history":[{"count":1,"href":"https:\/\/www.wewatches.com\/it\/wp-json\/wp\/v2\/pages\/495\/revisions"}],"predecessor-version":[{"id":2170,"href":"https:\/\/www.wewatches.com\/it\/wp-json\/wp\/v2\/pages\/495\/revisions\/2170"}],"up":[{"embeddable":true,"href":"https:\/\/www.wewatches.com\/it\/wp-json\/wp\/v2\/pages\/412"}],"wp:attachment":[{"href":"https:\/\/www.wewatches.com\/it\/wp-json\/wp\/v2\/media?parent=495"}],"curies":[{"name":"wp","href":"https:\/\/api.w.org\/{rel}","templated":true}]}}